{"id":74,"date":"2024-01-04T11:39:59","date_gmt":"2024-01-04T10:39:59","guid":{"rendered":"https:\/\/pt-am-pferd.de\/?page_id=74"},"modified":"2024-01-21T20:38:51","modified_gmt":"2024-01-21T19:38:51","slug":"unsere-arbeit","status":"publish","type":"page","link":"https:\/\/pt-am-pferd.de\/?page_id=74","title":{"rendered":"Unsere Arbeit"},"content":{"rendered":"\n<div class=\"wp-block-media-text is-stacked-on-mobile\"><figure class=\"wp-block-media-text__media\"><img loading=\"lazy\" decoding=\"async\" width=\"768\" height=\"1024\" src=\"https:\/\/pt-am-pferd.de\/wp-content\/uploads\/2023\/12\/IMG_4179-768x1024.jpeg\" alt=\"\" class=\"wp-image-39 size-full\" srcset=\"https:\/\/pt-am-pferd.de\/wp-content\/uploads\/2023\/12\/IMG_4179-768x1024.jpeg 768w, https:\/\/pt-am-pferd.de\/wp-content\/uploads\/2023\/12\/IMG_4179-225x300.jpeg 225w, https:\/\/pt-am-pferd.de\/wp-content\/uploads\/2023\/12\/IMG_4179-1152x1536.jpeg 1152w, https:\/\/pt-am-pferd.de\/wp-content\/uploads\/2023\/12\/IMG_4179-1536x2048.jpeg 1536w, https:\/\/pt-am-pferd.de\/wp-content\/uploads\/2023\/12\/IMG_4179-scaled.jpeg 1920w\" sizes=\"auto, (max-width: 768px) 100vw, 768px\" \/><\/figure><div class=\"wp-block-media-text__content\">\n<p><strong>Begegnung.<\/strong><\/p>\n\n\n\n<p>Bei uns erleben Sie Begegnung &#8211; Begegnung mit dem Tier. Begegnung mit sich selbst. <\/p>\n<\/div><\/div>\n\n\n\n<div class=\"wp-block-media-text has-media-on-the-right is-stacked-on-mobile\"><div class=\"wp-block-media-text__content\">\n<p><strong>Ruhe.<\/strong> <\/p>\n\n\n\n<p>Bei uns k\u00f6nnen Sie Ruhe finden &#8211;   Ruhe ist die Voraussetzung aller Kraft.<\/p>\n<\/div><figure class=\"wp-block-media-text__media\"><img loading=\"lazy\" decoding=\"async\" width=\"768\" height=\"1024\" src=\"https:\/\/pt-am-pferd.de\/wp-content\/uploads\/2023\/12\/IMG_4043-768x1024.jpeg\" alt=\"\" class=\"wp-image-35 size-full\" srcset=\"https:\/\/pt-am-pferd.de\/wp-content\/uploads\/2023\/12\/IMG_4043-768x1024.jpeg 768w, https:\/\/pt-am-pferd.de\/wp-content\/uploads\/2023\/12\/IMG_4043-225x300.jpeg 225w, https:\/\/pt-am-pferd.de\/wp-content\/uploads\/2023\/12\/IMG_4043-1152x1536.jpeg 1152w, https:\/\/pt-am-pferd.de\/wp-content\/uploads\/2023\/12\/IMG_4043-1536x2048.jpeg 1536w, https:\/\/pt-am-pferd.de\/wp-content\/uploads\/2023\/12\/IMG_4043-scaled.jpeg 1920w\" sizes=\"auto, (max-width: 768px) 100vw, 768px\" \/><\/figure><\/div>\n\n\n\n<div class=\"wp-block-media-text is-stacked-on-mobile\"><figure class=\"wp-block-media-text__media\"><img loading=\"lazy\" decoding=\"async\" width=\"819\" height=\"1024\" src=\"https:\/\/pt-am-pferd.de\/wp-content\/uploads\/2023\/12\/2629C8F5-62D0-4344-8782-E273BC15F5A3-819x1024.jpeg\" alt=\"\" class=\"wp-image-34 size-full\" srcset=\"https:\/\/pt-am-pferd.de\/wp-content\/uploads\/2023\/12\/2629C8F5-62D0-4344-8782-E273BC15F5A3-819x1024.jpeg 819w, https:\/\/pt-am-pferd.de\/wp-content\/uploads\/2023\/12\/2629C8F5-62D0-4344-8782-E273BC15F5A3-240x300.jpeg 240w, https:\/\/pt-am-pferd.de\/wp-content\/uploads\/2023\/12\/2629C8F5-62D0-4344-8782-E273BC15F5A3-768x960.jpeg 768w, https:\/\/pt-am-pferd.de\/wp-content\/uploads\/2023\/12\/2629C8F5-62D0-4344-8782-E273BC15F5A3-1229x1536.jpeg 1229w, https:\/\/pt-am-pferd.de\/wp-content\/uploads\/2023\/12\/2629C8F5-62D0-4344-8782-E273BC15F5A3.jpeg 1512w\" sizes=\"auto, (max-width: 819px) 100vw, 819px\" \/><\/figure><div class=\"wp-block-media-text__content\">\n<p><strong>Achtsamkeit.<\/strong><\/p>\n\n\n\n<p>Bei uns finden Sie einen Ort ohne Leistung, Druck und Stress. <\/p>\n\n\n\n<p>In unserer Arbeit achten wir auf eine annehmende und wertsch\u00e4tzende Haltung Mensch und Tier gegen\u00fcber. <\/p>\n<\/div><\/div>\n\n\n\n<div style=\"height:124px\" aria-hidden=\"true\" class=\"wp-block-spacer\"><\/div>\n\n\n\n<p><strong>Unser Leitbild Pferdegest\u00fctzter Psychotherapie&nbsp;<\/strong><\/p>\n\n\n\n<p>H\u00e4ufig werden in wissenschaftlichen Publikationen und den zugeh\u00f6rigen therapeutischen Praxisfeldern unter dem Oberbegriff \u201eReittherapie\u201c zahlreiche verschiedene pferdegest\u00fctzte Therapieformen zusammengefasst. Der Begriff \u201eReittherapie\u201c l\u00e4sst dabei vermuten, dass etwa die gesamte Therapie auf dem Pferder\u00fccken stattfindet. Dem ist jedoch nicht so \u2013 eher das Gegenteil ist der Fall (und dies aus guten und berechtigten Gr\u00fcnden). Der folgende Artikel gibt einen kurzen \u00dcberblick \u00fcber die unterschiedlichen pferdebezogenen Therapieformen und verweist gleichzeitig auf wissenschaftliche Grundlagenwerke, die Basis und Leitbild unseres Therapieangebots darstellen.<\/p>\n\n\n\n<p><strong>Welche Formen der Therapie&nbsp;<em>am<\/em>&nbsp;und&nbsp;<em>mit<\/em>&nbsp;dem Pferd gibt es und wie unterscheiden sie sich?&nbsp;<\/strong><\/p>\n\n\n\n<p>Der Hauptteil reittherapeutischer Arbeit findet psychotherapeutisch, also&nbsp;<em>nach<\/em>&nbsp;einer professionellen, und wissenschaftlich fundierten psychologischen Diagnostik in Kommunikation&nbsp;<em>mit&nbsp;<\/em>dem Pferd und \u00fcbend vom Boden aus statt, um das Benennen und Stillen von Bed\u00fcrfnissen zu erm\u00f6glichen (vgl. Ladner, 2016).<\/p>\n\n\n\n<p>In Opgen-Rhein et. al. (2021) wird von&nbsp;<em>Pferdegest\u00fctzter Psychotherapie<\/em>&nbsp;gesprochen, wenn die Durchf\u00fchrung dieser Therapieform den expliziten Einsatz einer dahingehend qualifizierten Fachperson vorsieht (Psychologische oder \u00e4rztliche Psychotherapeuten und -therapeutinnen). Von&nbsp;<em>Pferdegest\u00fctzter Therapie<\/em>&nbsp;sprechen die Autoren, wenn dies nicht der Fall ist.&nbsp;<\/p>\n\n\n\n<p>Unter&nbsp;<em>Hippotherapie<\/em>&nbsp;(Therapeutisches Reiten) versteht man den Einsatz des Pferdes zu (kranken)gymnastischen Zwecken (Sch\u00fctz, 2018). Weitere Formen des Therapeutischen Reitens beziehen sich eher auf p\u00e4dagogische Aspekte und Methoden (ebd.). Hier zu nennen sind&nbsp;<em>Reitp\u00e4dagogik<\/em>,&nbsp;<em>Reittherapie<\/em>&nbsp;und auch&nbsp;<em>Heilp\u00e4dagogisches Reiten<\/em>.&nbsp;<\/p>\n\n\n\n<p>Aufgrund meiner Ausbildung und Profession als approbierte Psychologische Psychotherapeutin biete ich spezifisch&nbsp;<em>Pferdegest\u00fctzte Psychotherapie<\/em>&nbsp;als begleitende Therapie zu einer bestehenden Psychotherapie oder in subklinischen F\u00e4llen auch als alleinige Therapieform an. Pferdegest\u00fctzte Psychotherapie wird im Einzelfall von den Krankenkassen \u00fcbernommen. Eine andere M\u00f6glichkeit ist die Finanzierung \u00fcber das pers\u00f6nliche Budget f\u00fcr Menschen mit Behinderung nach SGBVIII oder SGB XII.<\/p>\n\n\n\n<p><strong>Wie wirkt pferdegest\u00fctzte Psychotherapie?<\/strong><\/p>\n\n\n\n<p>Der Sozialpsychologe und Psychoanalytiker Erich Fromm beschrieb mit dem Konstrukt der&nbsp;<em>Biophilie<\/em>&nbsp;die dem Menschen grundlegend angeborene Liebe zum Lebendigen (vgl. Opgen-Rhein et. al., 2021 S. 12). Hierin verwurzelt ist der generelle Wunsch nach Wachstum und Entwicklung, die sich die Pferdegest\u00fctzte Psychotherapie zunutze macht: Besonders durch Pferdegest\u00fctzte Interventionen f\u00fchlen sich Menschen emotional angesprochen, \u00fcbernehmen Verantwortung und erlernen bzw. verbessern ihre nonverbalen Kommunikationsstrategien (Sch\u00fctz, 2018).<\/p>\n\n\n\n<p>In dieser Art der Therapie gelingt es Menschen, dem Gegen\u00fcber Pferd Pers\u00f6nlichkeit zuzuschreiben und zu erkennen. Das Pferd wird in meiner Arbeit nicht als \u201eMittel\u201c eingesetzt, sondern als gleichberechtigter Therapeut, der durch seine Kommunikation neue gedankliche Wege er\u00f6ffnet.&nbsp;<\/p>\n\n\n\n<p>Viele Menschen, die sich an mich wenden, kommen mit \u201eherk\u00f6mmlichen\u201c kommunikativen Mitteln nicht weiter. Wenn Sie sich auf das Pferd und seine Art zu kommunizieren einlassen, k\u00f6nnen sie viel \u00fcber sich selbst erfahren. Auch Opgen-Rhein et al. (2021) betonen, dass Selbstwirksamkeit, inneres Kongruenzerleben und Wahrhaftigkeit des Selbst vor allem bei depressiven St\u00f6rungen \u00fcber die klare (kongruente) Kommunikation des Pferdes neu erlernt oder zur\u00fcckgewonnen werden k\u00f6nnen.<\/p>\n\n\n\n<p>So kann Pferdegest\u00fctzte Psychotherapie helfen, kommunikative, aber auch emotionale Problemlagen aufzudecken und \u00fcbend zu behandeln.&nbsp;<\/p>\n\n\n\n<p>Am und auf dem Pferd ist alles im Fluss.&nbsp;<\/p>\n\n\n\n<p><strong>Warum ausgerechnet Pferde?<\/strong><\/p>\n\n\n\n<p>Pferde verf\u00fcgen \u00fcber ein hochsensibles Wahrnehmungssystem und k\u00f6nnen Gef\u00fchle und Stimmungen spiegeln (Ladner, 2016). Das Pferd als Co-Therapeut bleibt in seiner R\u00fcckmeldung immer wertfrei, was uns die Achtsamkeit erleichtert. Au\u00dferdem erlaubt Pferdegest\u00fctzte Therapie, an diesen sehr gro\u00dfen Tieren vielseitig positive Erfahrungen zu machen \u2013 Pferde sind normalerweise au\u00dferordentlich kooperationsbereit (Ladner, 2016). Sind sie es einmal nicht, gibt es meist einen ganz spezifischen Grund, den zu erkennen dann die Aufgabe der Therapieeinheit sein kann.<\/p>\n\n\n\n<p>In der verhaltenstherapeutischen Arbeit, wie ich sie anbiete, wird eine psychologisch fundierte Bedingungsanalyse Ihrer Schwierigkeiten erstellt und anschlie\u00dfend entsprechend auf die (meist freie) Arbeit mit dem Pferd \u00fcbertragen. Die M\u00f6glichkeit des Getragenwerdens durch das Pferd besteht, ist jedoch nicht Fokus der Therapie. In einigen F\u00e4llen kann es jedoch hilfreich sein, dass die Therapie auch auf dem Pferder\u00fccken reitend stattfindet.<\/p>\n\n\n\n<p>Es gibt nur wenige wissenschaftliche Studien, die die Wirksamkeit Pferdegest\u00fctzer Therapieformen im Einzelnen quantifizieren, doch gibt es zahlreiche Kasuistiken (klinische Fallbeschreibungen), die eine Verbesserung der mentalen Gesundheit durch pferdegest\u00fctzte Therapie eindrucksvoll berichten.&nbsp;<\/p>\n\n\n\n<p>Besonders depressive, \u00e4ngstliche, emotional-instabile oder pers\u00f6nlichkeitsgest\u00f6rte Klienten profitieren von der Arbeit mit dem Pferd. Auch bei Posttraumatischen Belastungsst\u00f6rungen konnten positive Effekte beobachtet werden (z.B. Kirsche et. al., 2022; Egger, 2021)<\/p>\n\n\n\n<details class=\"wp-block-details is-layout-flow wp-block-details-is-layout-flow\"><summary><strong>Literaturverzeichnis<\/strong><\/summary>\n<p>Egger, I. (2021). Von der Dissonanz zur Resonanz \u2013 pferdegest\u00fctzte Traumatherapie bei Bindungstraumata.\u00a0<em>Kontext<\/em>,\u00a0<em>52<\/em>(1), 21\u201339.\u00a0<a href=\"https:\/\/doi.org\/10.13109\/kont.2021.52.1.21\">https:\/\/doi.org\/10.13109\/kont.2021.52.1.21<\/a><\/p>\n\n\n\n<p>Kirsche, K., Heske, S., &amp; Sch\u00e4berle, W. (2022).&nbsp;<em>Equine-assisted intervention in veterans with deployment-related posttraumatic stress disorder (PTSD): A systematic reviewPferdegest\u00fctzte Intervention bei Veteranen mit einer einsatzbedingten Posttraumatischen Belastungsst\u00f6rung (PTBS): Ein systematisches Review<\/em>&nbsp;[Application\/pdf]. 1941 KB.&nbsp;<a href=\"https:\/\/doi.org\/10.48701\/OPUS4-23\">https:\/\/doi.org\/10.48701\/OPUS4-23<\/a><\/p>\n\n\n\n<p>Ladner, D. (2016). Tiergest\u00fctzte Psychotherapie: Das Tier als \u00abEisbrecher\u00bb.&nbsp;<em>Psychiatrie &amp; Neurologie<\/em>,&nbsp;<em>5<\/em>, 28\u201332.<\/p>\n\n\n\n<p>Opgen-Rhein, C., Kl\u00e4schen, M., &amp; Dettling, M. (2021).&nbsp;<em>Pferdegest\u00fctzte Therapie bei psychischen Erkrankungen<\/em>&nbsp;(3. Nachdruck 2021). Schattauer.<\/p>\n\n\n\n<p>Sch\u00fctz, K. (2018).&nbsp;<em>Pferde, Forschung und Psychologie<\/em>. Amazon Fulfillment Poland Sp. z o.o.<\/p>\n<\/details>\n","protected":false},"excerpt":{"rendered":"<p>Begegnung. Bei uns erleben Sie Begegnung &#8211; Begegnung mit dem Tier. Begegnung mit sich selbst. Ruhe. Bei uns k\u00f6nnen Sie Ruhe finden &#8211; Ruhe ist die Voraussetzung aller Kraft. Achtsamkeit. Bei uns finden Sie einen Ort ohne Leistung, Druck und Stress. In unserer Arbeit achten wir auf eine annehmende und wertsch\u00e4tzende Haltung Mensch und Tier [&hellip;]<\/p>\n","protected":false},"author":1,"featured_media":0,"parent":0,"menu_order":0,"comment_status":"closed","ping_status":"closed","template":"","meta":{"footnotes":""},"class_list":["post-74","page","type-page","status-publish","hentry"],"_links":{"self":[{"href":"https:\/\/pt-am-pferd.de\/index.php?rest_route=\/wp\/v2\/pages\/74","targetHints":{"allow":["GET"]}}],"collection":[{"href":"https:\/\/pt-am-pferd.de\/index.php?rest_route=\/wp\/v2\/pages"}],"about":[{"href":"https:\/\/pt-am-pferd.de\/index.php?rest_route=\/wp\/v2\/types\/page"}],"author":[{"embeddable":true,"href":"https:\/\/pt-am-pferd.de\/index.php?rest_route=\/wp\/v2\/users\/1"}],"replies":[{"embeddable":true,"href":"https:\/\/pt-am-pferd.de\/index.php?rest_route=%2Fwp%2Fv2%2Fcomments&post=74"}],"version-history":[{"count":5,"href":"https:\/\/pt-am-pferd.de\/index.php?rest_route=\/wp\/v2\/pages\/74\/revisions"}],"predecessor-version":[{"id":146,"href":"https:\/\/pt-am-pferd.de\/index.php?rest_route=\/wp\/v2\/pages\/74\/revisions\/146"}],"wp:attachment":[{"href":"https:\/\/pt-am-pferd.de\/index.php?rest_route=%2Fwp%2Fv2%2Fmedia&parent=74"}],"curies":[{"name":"wp","href":"https:\/\/api.w.org\/{rel}","templated":true}]}}